{"id":27415,"date":"2024-08-03T18:02:38","date_gmt":"2024-08-03T18:02:38","guid":{"rendered":"https:\/\/verticeperfumes.com.br\/?post_type=product&#038;p=27415"},"modified":"2025-08-31T17:37:32","modified_gmt":"2025-08-31T20:37:32","slug":"no122-inspiracao-olfativa-le-plus-voulait","status":"publish","type":"product","link":"https:\/\/verticeperfumes.com.br\/?product=no122-inspiracao-olfativa-le-plus-voulait","title":{"rendered":"V\u00c9RTICE M-02 Inspira\u00e7\u00e3o Olfativa &#8211; PHANTOM"},"content":{"rendered":"<p class=\"p1\">Inspirado no inovador <b>Phantom<\/b>, <b>V\u00e9rtice M-02<\/b> traz uma fus\u00e3o \u00fanica de modernidade e energia. Com notas vibrantes de lim\u00e3o siciliano e lavanda, combinadas ao toque envolvente de baunilha e vetiver, essa fragr\u00e2ncia \u00e9 perfeita para homens ousados e conectados com o futuro.<\/p>\n<p class=\"p1\"><b>V\u00e9rtice M-02<\/b> \u00e9 a escolha ideal para quem busca um perfume que une tecnologia e estilo, exalando confian\u00e7a e magnetismo. Seja para o dia a dia ou ocasi\u00f5es especiais, essa fragr\u00e2ncia deixa uma marca inesquec\u00edvel, refletindo a personalidade de quem n\u00e3o tem medo de inovar.<\/p>\n","protected":false},"excerpt":{"rendered":"<p>Fragr\u00e2ncia futurista e arom\u00e1tica com notas de lavanda, lim\u00e3o e baunilha.<\/p>\n","protected":false},"featured_media":27974,"comment_status":"open","ping_status":"closed","template":"","meta":[],"product_cat":[71],"product_tag":[],"class_list":{"0":"post-27415","1":"product","2":"type-product","3":"status-publish","4":"has-post-thumbnail","6":"product_cat-masculino","8":"first","9":"instock","10":"taxable","11":"shipping-taxable","12":"purchasable","13":"product-type-variable"},"_links":{"self":[{"href":"https:\/\/verticeperfumes.com.br\/index.php?rest_route=\/wp\/v2\/product\/27415","targetHints":{"allow":["GET"]}}],"collection":[{"href":"https:\/\/verticeperfumes.com.br\/index.php?rest_route=\/wp\/v2\/product"}],"about":[{"href":"https:\/\/verticeperfumes.com.br\/index.php?rest_route=\/wp\/v2\/types\/product"}],"replies":[{"embeddable":true,"href":"https:\/\/verticeperfumes.com.br\/index.php?rest_route=%2Fwp%2Fv2%2Fcomments&post=27415"}],"version-history":[{"count":5,"href":"https:\/\/verticeperfumes.com.br\/index.php?rest_route=\/wp\/v2\/product\/27415\/revisions"}],"predecessor-version":[{"id":28102,"href":"https:\/\/verticeperfumes.com.br\/index.php?rest_route=\/wp\/v2\/product\/27415\/revisions\/28102"}],"wp:featuredmedia":[{"embeddable":true,"href":"https:\/\/verticeperfumes.com.br\/index.php?rest_route=\/wp\/v2\/media\/27974"}],"wp:attachment":[{"href":"https:\/\/verticeperfumes.com.br\/index.php?rest_route=%2Fwp%2Fv2%2Fmedia&parent=27415"}],"wp:term":[{"taxonomy":"product_cat","embeddable":true,"href":"https:\/\/verticeperfumes.com.br\/index.php?rest_route=%2Fwp%2Fv2%2Fproduct_cat&post=27415"},{"taxonomy":"product_tag","embeddable":true,"href":"https:\/\/verticeperfumes.com.br\/index.php?rest_route=%2Fwp%2Fv2%2Fproduct_tag&post=27415"}],"curies":[{"name":"wp","href":"https:\/\/api.w.org\/{rel}","templated":true}]}}