{"id":27423,"date":"2024-08-03T18:16:25","date_gmt":"2024-08-03T18:16:25","guid":{"rendered":"https:\/\/verticeperfumes.com.br\/?post_type=product&#038;p=27423"},"modified":"2025-08-31T17:32:47","modified_gmt":"2025-08-31T20:32:47","slug":"no124-inspiracao-olfativa-fortuna-parfum","status":"publish","type":"product","link":"https:\/\/verticeperfumes.com.br\/?product=no124-inspiracao-olfativa-fortuna-parfum","title":{"rendered":"V\u00c9RTICE M-04 Inspira\u00e7\u00e3o Olfativa &#8211; ONE MILLION"},"content":{"rendered":"<p class=\"p1\">Inspirado no ic\u00f4nico <b>One Million<\/b>, <b>V\u00e9rtice M-04<\/b> \u00e9 a fragr\u00e2ncia para homens que gostam de luxo e ousadia. Com uma combina\u00e7\u00e3o rica de notas de canela, couro e \u00e2mbar, equilibradas pela do\u00e7ura da rosa e da menta fresca, esse perfume representa poder e sucesso.<\/p>\n<p class=\"p1\"><b>V\u00e9rtice M-04<\/b> \u00e9 ideal para ocasi\u00f5es especiais ou momentos em que voc\u00ea quer se destacar com estilo e sofistica\u00e7\u00e3o. Marcante e sedutor, essa fragr\u00e2ncia \u00e9 o complemento perfeito para o homem que vive intensamente e valoriza cada conquista.<\/p>\n","protected":false},"excerpt":{"rendered":"<p>Fragr\u00e2ncia intensa e solar que combina couro com toques salgados.<\/p>\n","protected":false},"featured_media":27980,"comment_status":"open","ping_status":"closed","template":"","meta":[],"product_cat":[71],"product_tag":[],"class_list":{"0":"post-27423","1":"product","2":"type-product","3":"status-publish","4":"has-post-thumbnail","6":"product_cat-masculino","8":"first","9":"instock","10":"taxable","11":"shipping-taxable","12":"purchasable","13":"product-type-variable"},"_links":{"self":[{"href":"https:\/\/verticeperfumes.com.br\/index.php?rest_route=\/wp\/v2\/product\/27423","targetHints":{"allow":["GET"]}}],"collection":[{"href":"https:\/\/verticeperfumes.com.br\/index.php?rest_route=\/wp\/v2\/product"}],"about":[{"href":"https:\/\/verticeperfumes.com.br\/index.php?rest_route=\/wp\/v2\/types\/product"}],"replies":[{"embeddable":true,"href":"https:\/\/verticeperfumes.com.br\/index.php?rest_route=%2Fwp%2Fv2%2Fcomments&post=27423"}],"version-history":[{"count":5,"href":"https:\/\/verticeperfumes.com.br\/index.php?rest_route=\/wp\/v2\/product\/27423\/revisions"}],"predecessor-version":[{"id":28107,"href":"https:\/\/verticeperfumes.com.br\/index.php?rest_route=\/wp\/v2\/product\/27423\/revisions\/28107"}],"wp:featuredmedia":[{"embeddable":true,"href":"https:\/\/verticeperfumes.com.br\/index.php?rest_route=\/wp\/v2\/media\/27980"}],"wp:attachment":[{"href":"https:\/\/verticeperfumes.com.br\/index.php?rest_route=%2Fwp%2Fv2%2Fmedia&parent=27423"}],"wp:term":[{"taxonomy":"product_cat","embeddable":true,"href":"https:\/\/verticeperfumes.com.br\/index.php?rest_route=%2Fwp%2Fv2%2Fproduct_cat&post=27423"},{"taxonomy":"product_tag","embeddable":true,"href":"https:\/\/verticeperfumes.com.br\/index.php?rest_route=%2Fwp%2Fv2%2Fproduct_tag&post=27423"}],"curies":[{"name":"wp","href":"https:\/\/api.w.org\/{rel}","templated":true}]}}