{"id":27432,"date":"2024-08-03T18:31:29","date_gmt":"2024-08-03T18:31:29","guid":{"rendered":"https:\/\/verticeperfumes.com.br\/?post_type=product&#038;p=27432"},"modified":"2025-08-31T17:27:55","modified_gmt":"2025-08-31T20:27:55","slug":"no126-inspiracao-olfativa-ghost","status":"publish","type":"product","link":"https:\/\/verticeperfumes.com.br\/?product=no126-inspiracao-olfativa-ghost","title":{"rendered":"V\u00c9RTICE M-06 Inspira\u00e7\u00e3o Olfativa &#8211; THE MOST WANTED"},"content":{"rendered":"<p class=\"p1\">Inspirado no ic\u00f4nico <b>The Most Wanted<\/b>, <b>V\u00e9rtice M-06<\/b> \u00e9 a fragr\u00e2ncia perfeita para homens que n\u00e3o t\u00eam medo de se destacar. Com uma combina\u00e7\u00e3o ousada de cardamomo picante, a do\u00e7ura irresist\u00edvel do caramelo e o toque profundo de \u00e2mbar amadeirado, essa cria\u00e7\u00e3o exala confian\u00e7a e poder.<\/p>\n<p class=\"p1\">Feito para quem abra\u00e7a o desafio e a sedu\u00e7\u00e3o, <b>V\u00e9rtice M-06<\/b> \u00e9 ideal para noites marcantes. Ele deixa uma impress\u00e3o duradoura, sendo o complemento perfeito para o homem que sabe o que quer e como conquistar o seu espa\u00e7o.<\/p>\n","protected":false},"excerpt":{"rendered":"<p>Perfume sedutor e magn\u00e9tico para homens ousados e elegantes.<\/p>\n","protected":false},"featured_media":27982,"comment_status":"open","ping_status":"closed","template":"","meta":[],"product_cat":[71],"product_tag":[],"class_list":{"0":"post-27432","1":"product","2":"type-product","3":"status-publish","4":"has-post-thumbnail","6":"product_cat-masculino","8":"first","9":"instock","10":"taxable","11":"shipping-taxable","12":"purchasable","13":"product-type-variable"},"_links":{"self":[{"href":"https:\/\/verticeperfumes.com.br\/index.php?rest_route=\/wp\/v2\/product\/27432","targetHints":{"allow":["GET"]}}],"collection":[{"href":"https:\/\/verticeperfumes.com.br\/index.php?rest_route=\/wp\/v2\/product"}],"about":[{"href":"https:\/\/verticeperfumes.com.br\/index.php?rest_route=\/wp\/v2\/types\/product"}],"replies":[{"embeddable":true,"href":"https:\/\/verticeperfumes.com.br\/index.php?rest_route=%2Fwp%2Fv2%2Fcomments&post=27432"}],"version-history":[{"count":5,"href":"https:\/\/verticeperfumes.com.br\/index.php?rest_route=\/wp\/v2\/product\/27432\/revisions"}],"predecessor-version":[{"id":28100,"href":"https:\/\/verticeperfumes.com.br\/index.php?rest_route=\/wp\/v2\/product\/27432\/revisions\/28100"}],"wp:featuredmedia":[{"embeddable":true,"href":"https:\/\/verticeperfumes.com.br\/index.php?rest_route=\/wp\/v2\/media\/27982"}],"wp:attachment":[{"href":"https:\/\/verticeperfumes.com.br\/index.php?rest_route=%2Fwp%2Fv2%2Fmedia&parent=27432"}],"wp:term":[{"taxonomy":"product_cat","embeddable":true,"href":"https:\/\/verticeperfumes.com.br\/index.php?rest_route=%2Fwp%2Fv2%2Fproduct_cat&post=27432"},{"taxonomy":"product_tag","embeddable":true,"href":"https:\/\/verticeperfumes.com.br\/index.php?rest_route=%2Fwp%2Fv2%2Fproduct_tag&post=27432"}],"curies":[{"name":"wp","href":"https:\/\/api.w.org\/{rel}","templated":true}]}}