{"id":27436,"date":"2024-08-03T18:41:26","date_gmt":"2024-08-03T18:41:26","guid":{"rendered":"https:\/\/verticeperfumes.com.br\/?post_type=product&#038;p=27436"},"modified":"2025-08-31T17:25:57","modified_gmt":"2025-08-31T20:25:57","slug":"no127-inspiracao-olfativa-carol-212-vip-black","status":"publish","type":"product","link":"https:\/\/verticeperfumes.com.br\/?product=no127-inspiracao-olfativa-carol-212-vip-black","title":{"rendered":"V\u00c9RTICE M-07 &#8211; Inspira\u00e7\u00e3o Olfativa &#8211; 212 VIP BLACK"},"content":{"rendered":"<p class=\"p1\">nspirado no ousado <b>212 VIP Black<\/b>, <b>V\u00e9rtice M-07<\/b> \u00e9 uma fragr\u00e2ncia intensa e misteriosa, feita para homens que dominam o ambiente com charme e confian\u00e7a. Com notas marcantes de absinto, lavanda e baunilha, essa combina\u00e7\u00e3o cria uma aura irresist\u00edvel e sedutora.<\/p>\n<p class=\"p1\">Ideal para noites especiais e eventos sofisticados, <b>V\u00e9rtice M-07<\/b> exala exclusividade e estilo. Seja para um encontro ou uma ocasi\u00e3o social, essa fragr\u00e2ncia revela a ess\u00eancia do homem moderno que sabe ser o centro das aten\u00e7\u00f5es.<\/p>\n","protected":false},"excerpt":{"rendered":"<p>Fragr\u00e2ncia explosivamente picante, moderna e masculina, perfeita para eventos sociais.<\/p>\n","protected":false},"featured_media":27962,"comment_status":"open","ping_status":"closed","template":"","meta":[],"product_cat":[71],"product_tag":[],"class_list":{"0":"post-27436","1":"product","2":"type-product","3":"status-publish","4":"has-post-thumbnail","6":"product_cat-masculino","8":"first","9":"instock","10":"taxable","11":"shipping-taxable","12":"purchasable","13":"product-type-variable"},"_links":{"self":[{"href":"https:\/\/verticeperfumes.com.br\/index.php?rest_route=\/wp\/v2\/product\/27436","targetHints":{"allow":["GET"]}}],"collection":[{"href":"https:\/\/verticeperfumes.com.br\/index.php?rest_route=\/wp\/v2\/product"}],"about":[{"href":"https:\/\/verticeperfumes.com.br\/index.php?rest_route=\/wp\/v2\/types\/product"}],"replies":[{"embeddable":true,"href":"https:\/\/verticeperfumes.com.br\/index.php?rest_route=%2Fwp%2Fv2%2Fcomments&post=27436"}],"version-history":[{"count":4,"href":"https:\/\/verticeperfumes.com.br\/index.php?rest_route=\/wp\/v2\/product\/27436\/revisions"}],"predecessor-version":[{"id":28112,"href":"https:\/\/verticeperfumes.com.br\/index.php?rest_route=\/wp\/v2\/product\/27436\/revisions\/28112"}],"wp:featuredmedia":[{"embeddable":true,"href":"https:\/\/verticeperfumes.com.br\/index.php?rest_route=\/wp\/v2\/media\/27962"}],"wp:attachment":[{"href":"https:\/\/verticeperfumes.com.br\/index.php?rest_route=%2Fwp%2Fv2%2Fmedia&parent=27436"}],"wp:term":[{"taxonomy":"product_cat","embeddable":true,"href":"https:\/\/verticeperfumes.com.br\/index.php?rest_route=%2Fwp%2Fv2%2Fproduct_cat&post=27436"},{"taxonomy":"product_tag","embeddable":true,"href":"https:\/\/verticeperfumes.com.br\/index.php?rest_route=%2Fwp%2Fv2%2Fproduct_tag&post=27436"}],"curies":[{"name":"wp","href":"https:\/\/api.w.org\/{rel}","templated":true}]}}