{"id":27463,"date":"2024-08-03T19:22:02","date_gmt":"2024-08-03T19:22:02","guid":{"rendered":"https:\/\/verticeperfumes.com.br\/?post_type=product&#038;p=27463"},"modified":"2025-08-31T17:15:39","modified_gmt":"2025-08-31T20:15:39","slug":"no131-inspiracao-olfativa-armani-code-absoluto","status":"publish","type":"product","link":"https:\/\/verticeperfumes.com.br\/?product=no131-inspiracao-olfativa-armani-code-absoluto","title":{"rendered":"V\u00c9RTICE M-11 Inspira\u00e7\u00e3o Olfativa &#8211; ARMANI CODE ABSOLU"},"content":{"rendered":"<p class=\"p1\">Inspirado no elegante <b>Armani Code<\/b>, <b>V\u00e9rtice M-11<\/b> \u00e9 uma fragr\u00e2ncia sedutora e sofisticada, perfeita para homens que buscam exprimir charme e mist\u00e9rio. Com notas de bergamota e lim\u00e3o, complementadas pela suavidade da flor de oliva e a profundidade do tabaco e do couro, essa cria\u00e7\u00e3o encapsula a ess\u00eancia da masculinidade moderna.<\/p>\n<p class=\"p1\">Ideal para encontros rom\u00e2nticos e eventos noturnos, <b>V\u00e9rtice M-11<\/b> \u00e9 a escolha perfeita para o homem que deseja deixar uma marca inesquec\u00edvel. Sua combina\u00e7\u00e3o de frescor e intensidade faz dele uma op\u00e7\u00e3o vers\u00e1til, podendo ser usado em diversas ocasi\u00f5es, especialmente em ambientes sofisticados e elegantes.<\/p>\n","protected":false},"excerpt":{"rendered":"<p>Fragr\u00e2ncia intensa e sofisticada com notas de fava tonka, baunilha e rum.<\/p>\n","protected":false},"featured_media":27950,"comment_status":"open","ping_status":"closed","template":"","meta":[],"product_cat":[71],"product_tag":[],"class_list":{"0":"post-27463","1":"product","2":"type-product","3":"status-publish","4":"has-post-thumbnail","6":"product_cat-masculino","8":"first","9":"instock","10":"taxable","11":"shipping-taxable","12":"purchasable","13":"product-type-variable"},"_links":{"self":[{"href":"https:\/\/verticeperfumes.com.br\/index.php?rest_route=\/wp\/v2\/product\/27463","targetHints":{"allow":["GET"]}}],"collection":[{"href":"https:\/\/verticeperfumes.com.br\/index.php?rest_route=\/wp\/v2\/product"}],"about":[{"href":"https:\/\/verticeperfumes.com.br\/index.php?rest_route=\/wp\/v2\/types\/product"}],"replies":[{"embeddable":true,"href":"https:\/\/verticeperfumes.com.br\/index.php?rest_route=%2Fwp%2Fv2%2Fcomments&post=27463"}],"version-history":[{"count":5,"href":"https:\/\/verticeperfumes.com.br\/index.php?rest_route=\/wp\/v2\/product\/27463\/revisions"}],"predecessor-version":[{"id":28122,"href":"https:\/\/verticeperfumes.com.br\/index.php?rest_route=\/wp\/v2\/product\/27463\/revisions\/28122"}],"wp:featuredmedia":[{"embeddable":true,"href":"https:\/\/verticeperfumes.com.br\/index.php?rest_route=\/wp\/v2\/media\/27950"}],"wp:attachment":[{"href":"https:\/\/verticeperfumes.com.br\/index.php?rest_route=%2Fwp%2Fv2%2Fmedia&parent=27463"}],"wp:term":[{"taxonomy":"product_cat","embeddable":true,"href":"https:\/\/verticeperfumes.com.br\/index.php?rest_route=%2Fwp%2Fv2%2Fproduct_cat&post=27463"},{"taxonomy":"product_tag","embeddable":true,"href":"https:\/\/verticeperfumes.com.br\/index.php?rest_route=%2Fwp%2Fv2%2Fproduct_tag&post=27463"}],"curies":[{"name":"wp","href":"https:\/\/api.w.org\/{rel}","templated":true}]}}