{"id":27507,"date":"2024-08-03T19:52:58","date_gmt":"2024-08-03T19:52:58","guid":{"rendered":"https:\/\/verticeperfumes.com.br\/?post_type=product&#038;p=27507"},"modified":"2025-08-31T17:05:25","modified_gmt":"2025-08-31T20:05:25","slug":"no137-inspiracao-olfativa-jade-fine-top","status":"publish","type":"product","link":"https:\/\/verticeperfumes.com.br\/?product=no137-inspiracao-olfativa-jade-fine-top","title":{"rendered":"V\u00c9RTICE F-16 Inspira\u00e7\u00e3o Olfativa &#8211; J&#8217;ADORE"},"content":{"rendered":"<p class=\"p1\"><b>V\u00e9rtice F-16<\/b>, \u00e9 um perfume\u00a0 luxuoso que \u00e9 um s\u00edmbolo de feminilidade e eleg\u00e2ncia. A fragr\u00e2ncia \u00e9 conhecida por sua composi\u00e7\u00e3o floral-frutada intensa e ao mesmo tempo sofisticada, transmitindo uma sensa\u00e7\u00e3o de glamour, sensualidade e delicadeza.<\/p>\n<p class=\"p1\">A abertura \u00e9 vibrante, com notas de topo frutadas, como a bergamota, p\u00eara e mel\u00e3o, que trazem frescor e leveza \u00e0 fragr\u00e2ncia. No cora\u00e7\u00e3o, as notas florais s\u00e3o dominadas pela opul\u00eancia do jasmim, da rosa damascena e da tuberosa, conferindo um toque envolvente e rom\u00e2ntico. A base do perfume \u00e9 composta por notas amadeiradas e suaves de s\u00e2ndalo, baunilha e alm\u00edscar, que d\u00e3o profundidade e calor \u00e0 composi\u00e7\u00e3o.<\/p>\n<p class=\"p1\"><b>V\u00e9rtice F-16<\/b>\u00a0\u00e9 perfeito para mulheres que apreciam uma fragr\u00e2ncia sofisticada e atemporal, com uma assinatura floral rica que funciona bem em ocasi\u00f5es especiais ou em momentos em que se deseja um toque de glamour.<\/p>\n<p>Inspira\u00e7\u00e3o olfativa <b>J\u2019adore<\/b><\/p>\n","protected":false},"excerpt":{"rendered":"<p>Fragr\u00e2ncia elegante e sofisticada com notas de jasmim, rosa e baunilha.<\/p>\n","protected":false},"featured_media":28005,"comment_status":"open","ping_status":"closed","template":"","meta":[],"product_cat":[72],"product_tag":[],"class_list":{"0":"post-27507","1":"product","2":"type-product","3":"status-publish","4":"has-post-thumbnail","6":"product_cat-feminino","8":"first","9":"instock","10":"taxable","11":"shipping-taxable","12":"purchasable","13":"product-type-variable"},"_links":{"self":[{"href":"https:\/\/verticeperfumes.com.br\/index.php?rest_route=\/wp\/v2\/product\/27507","targetHints":{"allow":["GET"]}}],"collection":[{"href":"https:\/\/verticeperfumes.com.br\/index.php?rest_route=\/wp\/v2\/product"}],"about":[{"href":"https:\/\/verticeperfumes.com.br\/index.php?rest_route=\/wp\/v2\/types\/product"}],"replies":[{"embeddable":true,"href":"https:\/\/verticeperfumes.com.br\/index.php?rest_route=%2Fwp%2Fv2%2Fcomments&post=27507"}],"version-history":[{"count":5,"href":"https:\/\/verticeperfumes.com.br\/index.php?rest_route=\/wp\/v2\/product\/27507\/revisions"}],"predecessor-version":[{"id":28163,"href":"https:\/\/verticeperfumes.com.br\/index.php?rest_route=\/wp\/v2\/product\/27507\/revisions\/28163"}],"wp:featuredmedia":[{"embeddable":true,"href":"https:\/\/verticeperfumes.com.br\/index.php?rest_route=\/wp\/v2\/media\/28005"}],"wp:attachment":[{"href":"https:\/\/verticeperfumes.com.br\/index.php?rest_route=%2Fwp%2Fv2%2Fmedia&parent=27507"}],"wp:term":[{"taxonomy":"product_cat","embeddable":true,"href":"https:\/\/verticeperfumes.com.br\/index.php?rest_route=%2Fwp%2Fv2%2Fproduct_cat&post=27507"},{"taxonomy":"product_tag","embeddable":true,"href":"https:\/\/verticeperfumes.com.br\/index.php?rest_route=%2Fwp%2Fv2%2Fproduct_tag&post=27507"}],"curies":[{"name":"wp","href":"https:\/\/api.w.org\/{rel}","templated":true}]}}