{"id":27511,"date":"2024-08-03T19:56:07","date_gmt":"2024-08-03T19:56:07","guid":{"rendered":"https:\/\/verticeperfumes.com.br\/?post_type=product&#038;p=27511"},"modified":"2025-08-31T17:03:39","modified_gmt":"2025-08-31T20:03:39","slug":"no138-inspiracao-olfativa-belle-la-vie","status":"publish","type":"product","link":"https:\/\/verticeperfumes.com.br\/?product=no138-inspiracao-olfativa-belle-la-vie","title":{"rendered":"V\u00c9RTICE F-17 Inspira\u00e7\u00e3o Olfativa &#8211; LA VIE EST BELLE"},"content":{"rendered":"<p class=\"p1\"><b>V\u00e9rtice F-17<\/b>, \u00e9 uma fragr\u00e2ncia criada para celebrar a felicidade, liberdade e simplicidade da vida. Que reflete o conceito de uma beleza natural e aut\u00eantica, focada na busca pela felicidade genu\u00edna.<\/p>\n<p class=\"p1\">A composi\u00e7\u00e3o de \u00a0\u00e9 doce, envolvente e marcante. As notas de topo trazem a do\u00e7ura da groselha preta e da pera, proporcionando uma abertura frutada e suculenta. No cora\u00e7\u00e3o da fragr\u00e2ncia, as notas de \u00edris, jasmim e flor de laranjeira adicionam um toque floral sofisticado e feminino. A base \u00e9 dominada por notas gourmand, como baunilha, pralin\u00e9, fava tonka e patchouli, que conferem uma assinatura doce, cremosa e acolhedora, com um toque oriental.<\/p>\n<p class=\"p1\">Este perfume \u00e9 ideal para mulheres que buscam uma fragr\u00e2ncia envolvente, com uma mistura equilibrada de notas doces e florais, perfeita tanto para o uso di\u00e1rio quanto para ocasi\u00f5es especiais, quando se quer deixar uma impress\u00e3o duradoura.<\/p>\n<p>&nbsp;<\/p>\n<p>Inspira\u00e7\u00e3o olfativa &#8211; <b>La Vie Est Belle<\/b><\/p>\n","protected":false},"excerpt":{"rendered":"<p>Fragr\u00e2ncia alegre e feminina com notas de pera, groselha preta e praline.<\/p>\n","protected":false},"featured_media":28006,"comment_status":"open","ping_status":"closed","template":"","meta":[],"product_cat":[72],"product_tag":[],"class_list":{"0":"post-27511","1":"product","2":"type-product","3":"status-publish","4":"has-post-thumbnail","6":"product_cat-feminino","8":"first","9":"instock","10":"taxable","11":"shipping-taxable","12":"purchasable","13":"product-type-variable"},"_links":{"self":[{"href":"https:\/\/verticeperfumes.com.br\/index.php?rest_route=\/wp\/v2\/product\/27511","targetHints":{"allow":["GET"]}}],"collection":[{"href":"https:\/\/verticeperfumes.com.br\/index.php?rest_route=\/wp\/v2\/product"}],"about":[{"href":"https:\/\/verticeperfumes.com.br\/index.php?rest_route=\/wp\/v2\/types\/product"}],"replies":[{"embeddable":true,"href":"https:\/\/verticeperfumes.com.br\/index.php?rest_route=%2Fwp%2Fv2%2Fcomments&post=27511"}],"version-history":[{"count":5,"href":"https:\/\/verticeperfumes.com.br\/index.php?rest_route=\/wp\/v2\/product\/27511\/revisions"}],"predecessor-version":[{"id":28162,"href":"https:\/\/verticeperfumes.com.br\/index.php?rest_route=\/wp\/v2\/product\/27511\/revisions\/28162"}],"wp:featuredmedia":[{"embeddable":true,"href":"https:\/\/verticeperfumes.com.br\/index.php?rest_route=\/wp\/v2\/media\/28006"}],"wp:attachment":[{"href":"https:\/\/verticeperfumes.com.br\/index.php?rest_route=%2Fwp%2Fv2%2Fmedia&parent=27511"}],"wp:term":[{"taxonomy":"product_cat","embeddable":true,"href":"https:\/\/verticeperfumes.com.br\/index.php?rest_route=%2Fwp%2Fv2%2Fproduct_cat&post=27511"},{"taxonomy":"product_tag","embeddable":true,"href":"https:\/\/verticeperfumes.com.br\/index.php?rest_route=%2Fwp%2Fv2%2Fproduct_tag&post=27511"}],"curies":[{"name":"wp","href":"https:\/\/api.w.org\/{rel}","templated":true}]}}