{"id":27515,"date":"2024-08-03T19:59:57","date_gmt":"2024-08-03T19:59:57","guid":{"rendered":"https:\/\/verticeperfumes.com.br\/?post_type=product&#038;p=27515"},"modified":"2025-08-31T17:01:23","modified_gmt":"2025-08-31T20:01:23","slug":"no139-inspiracao-olfativa-ousada","status":"publish","type":"product","link":"https:\/\/verticeperfumes.com.br\/?product=no139-inspiracao-olfativa-ousada","title":{"rendered":"V\u00c9RTICE F-18 Inspira\u00e7\u00e3o Olfativa &#8211; SCANDAL"},"content":{"rendered":"<p class=\"p1\"><b>V\u00e9rtice F-18<\/b>, \u00e9 uma fragr\u00e2ncia ousada, que reflete a ess\u00eancia da feminilidade poderosa, confiante e irreverente. Com uma composi\u00e7\u00e3o intensa e provocante, o perfume foi feito para mulheres que desejam marcar presen\u00e7a com uma assinatura olfativa sensual e envolvente.<\/p>\n<p class=\"p1\">A abertura de <b>V\u00e9rtice F-18<\/b>\u00a0\u00e9 doce e suculenta, com notas de topo de <b>laranja sangu\u00ednea<\/b> e <b>gard\u00eania<\/b>, que criam uma combina\u00e7\u00e3o vibrante e floral. O cora\u00e7\u00e3o da fragr\u00e2ncia \u00e9 dominado por uma nota central de <b>mel<\/b>, que traz uma do\u00e7ura profunda e gourmand, tornando o perfume ainda mais marcante. No fundo, o <b>patchouli<\/b> e as notas amadeiradas oferecem uma base terrosa e quente, equilibrando a do\u00e7ura com um toque sensual e envolvente.<\/p>\n<p class=\"p1\"><b>V\u00e9rtice F-18<\/b> \u00e9 ideal para ocasi\u00f5es noturnas ou momentos em que se deseja um perfume marcante e sedutor. A fragr\u00e2ncia \u00e9 perfeita para mulheres que gostam de ousar, trazendo uma combina\u00e7\u00e3o \u00fanica de do\u00e7ura e sensualidade.<\/p>\n<p>Inspira\u00e7\u00e3o olfativa <b>Scandal<\/b><\/p>\n","protected":false},"excerpt":{"rendered":"<p>Fragr\u00e2ncia ousada e sedutora com notas de flor de laranjeira, jasmim e gengibre.<\/p>\n","protected":false},"featured_media":27999,"comment_status":"open","ping_status":"closed","template":"","meta":[],"product_cat":[72],"product_tag":[],"class_list":{"0":"post-27515","1":"product","2":"type-product","3":"status-publish","4":"has-post-thumbnail","6":"product_cat-feminino","8":"first","9":"instock","10":"taxable","11":"shipping-taxable","12":"purchasable","13":"product-type-variable"},"_links":{"self":[{"href":"https:\/\/verticeperfumes.com.br\/index.php?rest_route=\/wp\/v2\/product\/27515","targetHints":{"allow":["GET"]}}],"collection":[{"href":"https:\/\/verticeperfumes.com.br\/index.php?rest_route=\/wp\/v2\/product"}],"about":[{"href":"https:\/\/verticeperfumes.com.br\/index.php?rest_route=\/wp\/v2\/types\/product"}],"replies":[{"embeddable":true,"href":"https:\/\/verticeperfumes.com.br\/index.php?rest_route=%2Fwp%2Fv2%2Fcomments&post=27515"}],"version-history":[{"count":5,"href":"https:\/\/verticeperfumes.com.br\/index.php?rest_route=\/wp\/v2\/product\/27515\/revisions"}],"predecessor-version":[{"id":28017,"href":"https:\/\/verticeperfumes.com.br\/index.php?rest_route=\/wp\/v2\/product\/27515\/revisions\/28017"}],"wp:featuredmedia":[{"embeddable":true,"href":"https:\/\/verticeperfumes.com.br\/index.php?rest_route=\/wp\/v2\/media\/27999"}],"wp:attachment":[{"href":"https:\/\/verticeperfumes.com.br\/index.php?rest_route=%2Fwp%2Fv2%2Fmedia&parent=27515"}],"wp:term":[{"taxonomy":"product_cat","embeddable":true,"href":"https:\/\/verticeperfumes.com.br\/index.php?rest_route=%2Fwp%2Fv2%2Fproduct_cat&post=27515"},{"taxonomy":"product_tag","embeddable":true,"href":"https:\/\/verticeperfumes.com.br\/index.php?rest_route=%2Fwp%2Fv2%2Fproduct_tag&post=27515"}],"curies":[{"name":"wp","href":"https:\/\/api.w.org\/{rel}","templated":true}]}}