{"id":27526,"date":"2024-08-03T20:07:28","date_gmt":"2024-08-03T20:07:28","guid":{"rendered":"https:\/\/verticeperfumes.com.br\/?post_type=product&#038;p=27526"},"modified":"2025-08-31T16:56:58","modified_gmt":"2025-08-31T19:56:58","slug":"no141-inspiracao-olfativa-crystal","status":"publish","type":"product","link":"https:\/\/verticeperfumes.com.br\/?product=no141-inspiracao-olfativa-crystal","title":{"rendered":"V\u00c9RTICE F-20 Inspira\u00e7\u00e3o Olfativa &#8211; BRIGHT CRYSTAL"},"content":{"rendered":"<p class=\"p1\"><b>V\u00e9rtice F-20<\/b>, \u00e9 uma fragr\u00e2ncia fresca e vibrante, com sua combina\u00e7\u00e3o equilibrada de notas florais e frutadas, que evocam leveza, feminilidade e eleg\u00e2ncia. O perfume foi inspirado na mulher sofisticada e de esp\u00edrito jovem, que valoriza frescor e sensualidade com uma aura de delicadeza.<\/p>\n<p class=\"p1\">A fragr\u00e2ncia abre com notas de topo de <b>rom\u00e3, yuzu<\/b> (um c\u00edtrico japon\u00eas) e um toque de <b>gelo<\/b>, criando uma sensa\u00e7\u00e3o revigorante e leve. O cora\u00e7\u00e3o \u00e9 dominado por notas florais luxuosas, como a <b>pe\u00f4nia, flor de l\u00f3tus<\/b> e <b>magn\u00f3lia<\/b>, que trazem um toque suave, rom\u00e2ntico e feminino. A base do perfume \u00e9 composta por <b>\u00e2mbar, alm\u00edscar<\/b> e <b>madeira de mogno<\/b>, adicionando calor, profundidade e um toque sensual \u00e0 fragr\u00e2ncia.<\/p>\n<p class=\"p1\"><b>V\u00e9rtice F-20<\/b> \u00e9 ideal para mulheres que preferem uma fragr\u00e2ncia fresca, leve e sensual, perfeita para uso di\u00e1rio, especialmente em dias mais quentes, ou para quem quer um perfume que combine delicadeza e modernidade.<\/p>\n<p>&nbsp;<\/p>\n<p>Inspira\u00e7\u00e3o olfativa Bright Crystal<\/p>\n","protected":false},"excerpt":{"rendered":"<p>Fragr\u00e2ncia vibrante e feminina com notas de yuzu, rom\u00e3 e pe\u00f4nia.<\/p>\n","protected":false},"featured_media":28000,"comment_status":"open","ping_status":"closed","template":"","meta":[],"product_cat":[72],"product_tag":[],"class_list":{"0":"post-27526","1":"product","2":"type-product","3":"status-publish","4":"has-post-thumbnail","6":"product_cat-feminino","8":"first","9":"instock","10":"taxable","11":"shipping-taxable","12":"purchasable","13":"product-type-variable"},"_links":{"self":[{"href":"https:\/\/verticeperfumes.com.br\/index.php?rest_route=\/wp\/v2\/product\/27526","targetHints":{"allow":["GET"]}}],"collection":[{"href":"https:\/\/verticeperfumes.com.br\/index.php?rest_route=\/wp\/v2\/product"}],"about":[{"href":"https:\/\/verticeperfumes.com.br\/index.php?rest_route=\/wp\/v2\/types\/product"}],"replies":[{"embeddable":true,"href":"https:\/\/verticeperfumes.com.br\/index.php?rest_route=%2Fwp%2Fv2%2Fcomments&post=27526"}],"version-history":[{"count":5,"href":"https:\/\/verticeperfumes.com.br\/index.php?rest_route=\/wp\/v2\/product\/27526\/revisions"}],"predecessor-version":[{"id":28159,"href":"https:\/\/verticeperfumes.com.br\/index.php?rest_route=\/wp\/v2\/product\/27526\/revisions\/28159"}],"wp:featuredmedia":[{"embeddable":true,"href":"https:\/\/verticeperfumes.com.br\/index.php?rest_route=\/wp\/v2\/media\/28000"}],"wp:attachment":[{"href":"https:\/\/verticeperfumes.com.br\/index.php?rest_route=%2Fwp%2Fv2%2Fmedia&parent=27526"}],"wp:term":[{"taxonomy":"product_cat","embeddable":true,"href":"https:\/\/verticeperfumes.com.br\/index.php?rest_route=%2Fwp%2Fv2%2Fproduct_cat&post=27526"},{"taxonomy":"product_tag","embeddable":true,"href":"https:\/\/verticeperfumes.com.br\/index.php?rest_route=%2Fwp%2Fv2%2Fproduct_tag&post=27526"}],"curies":[{"name":"wp","href":"https:\/\/api.w.org\/{rel}","templated":true}]}}