{"id":27530,"date":"2024-08-03T20:10:34","date_gmt":"2024-08-03T20:10:34","guid":{"rendered":"https:\/\/verticeperfumes.com.br\/?post_type=product&#038;p=27530"},"modified":"2025-08-31T17:44:21","modified_gmt":"2025-08-31T20:44:21","slug":"no142-inspiracao-olfativa-amarante","status":"publish","type":"product","link":"https:\/\/verticeperfumes.com.br\/?product=no142-inspiracao-olfativa-amarante","title":{"rendered":"V\u00c9RTICE F-21 Inspira\u00e7\u00e3o Olfativa &#8211; MISS DIOR"},"content":{"rendered":"<p class=\"p1\">A vers\u00e3o moderna de <b>Miss Dior<\/b>, relan\u00e7ada em 2017, apresenta uma composi\u00e7\u00e3o vibrante e fresca. A abertura \u00e9 marcada por notas de topo de <b>c\u00edtricos<\/b>, como <b>bergamota<\/b> e <b>laranja<\/b>, que proporcionam um frescor luminoso e energizante. No cora\u00e7\u00e3o, um buqu\u00ea floral de <b>rosa de Grasse<\/b> e <b>jasmim<\/b> traz uma feminilidade rom\u00e2ntica e sofisticada, simbolizando a ess\u00eancia do amor e da beleza. A base \u00e9 composta por notas de <b>patchouli<\/b> e <b>alm\u00edscar<\/b>, que conferem profundidade, calor e um toque sensual \u00e0 fragr\u00e2ncia.<\/p>\n<p class=\"p1\">O frasco de <b>Miss Dior<\/b> \u00e9 um verdadeiro s\u00edmbolo de eleg\u00e2ncia, com um design cl\u00e1ssico e refinado. O vidro em forma de cora\u00e7\u00e3o, adornado com um la\u00e7o de cetim, reflete a est\u00e9tica luxuosa da marca Dior.<\/p>\n<p class=\"p1\"><b>Miss Dior<\/b> \u00e9 ideal para mulheres que buscam uma fragr\u00e2ncia rom\u00e2ntica, vers\u00e1til e atemporal. \u00c9 perfeita para uso di\u00e1rio, assim como para ocasi\u00f5es especiais, exalando uma aura de gra\u00e7a e confian\u00e7a. A combina\u00e7\u00e3o de notas florais e c\u00edtricas torna-a fresca e envolvente, garantindo que ela permane\u00e7a uma das favoritas no mundo da perfumaria.<\/p>\n","protected":false},"excerpt":{"rendered":"<p>Fragr\u00e2ncia cl\u00e1ssica e elegante com notas de rosa, jasmim e s\u00e2ndalo.<\/p>\n","protected":false},"featured_media":28037,"comment_status":"open","ping_status":"closed","template":"","meta":[],"product_cat":[72],"product_tag":[],"class_list":{"0":"post-27530","1":"product","2":"type-product","3":"status-publish","4":"has-post-thumbnail","6":"product_cat-feminino","8":"first","9":"instock","10":"taxable","11":"shipping-taxable","12":"purchasable","13":"product-type-variable"},"_links":{"self":[{"href":"https:\/\/verticeperfumes.com.br\/index.php?rest_route=\/wp\/v2\/product\/27530","targetHints":{"allow":["GET"]}}],"collection":[{"href":"https:\/\/verticeperfumes.com.br\/index.php?rest_route=\/wp\/v2\/product"}],"about":[{"href":"https:\/\/verticeperfumes.com.br\/index.php?rest_route=\/wp\/v2\/types\/product"}],"replies":[{"embeddable":true,"href":"https:\/\/verticeperfumes.com.br\/index.php?rest_route=%2Fwp%2Fv2%2Fcomments&post=27530"}],"version-history":[{"count":4,"href":"https:\/\/verticeperfumes.com.br\/index.php?rest_route=\/wp\/v2\/product\/27530\/revisions"}],"predecessor-version":[{"id":28038,"href":"https:\/\/verticeperfumes.com.br\/index.php?rest_route=\/wp\/v2\/product\/27530\/revisions\/28038"}],"wp:featuredmedia":[{"embeddable":true,"href":"https:\/\/verticeperfumes.com.br\/index.php?rest_route=\/wp\/v2\/media\/28037"}],"wp:attachment":[{"href":"https:\/\/verticeperfumes.com.br\/index.php?rest_route=%2Fwp%2Fv2%2Fmedia&parent=27530"}],"wp:term":[{"taxonomy":"product_cat","embeddable":true,"href":"https:\/\/verticeperfumes.com.br\/index.php?rest_route=%2Fwp%2Fv2%2Fproduct_cat&post=27530"},{"taxonomy":"product_tag","embeddable":true,"href":"https:\/\/verticeperfumes.com.br\/index.php?rest_route=%2Fwp%2Fv2%2Fproduct_tag&post=27530"}],"curies":[{"name":"wp","href":"https:\/\/api.w.org\/{rel}","templated":true}]}}