{"id":27537,"date":"2024-08-03T20:13:29","date_gmt":"2024-08-03T20:13:29","guid":{"rendered":"https:\/\/verticeperfumes.com.br\/?post_type=product&#038;p=27537"},"modified":"2025-08-31T16:53:47","modified_gmt":"2025-08-31T19:53:47","slug":"no143-inspiracao-olfativa-opportunity","status":"publish","type":"product","link":"https:\/\/verticeperfumes.com.br\/?product=no143-inspiracao-olfativa-opportunity","title":{"rendered":"V\u00c9RTICE F-22 Inspira\u00e7\u00e3o Olfativa &#8211; CHANCE"},"content":{"rendered":"<p class=\"p1\"><b>V\u00e9rtice F-22 <\/b>\u00e9 uma fragr\u00e2ncia que encapsula a ess\u00eancia da feminilidade, juventude e energia vibrante. \u00a0\u00c9 um perfume que simboliza a ideia de aproveitar as oportunidades e abra\u00e7ar a vida com entusiasmo.<\/p>\n<p class=\"p1\">A composi\u00e7\u00e3o de <b>V\u00e9rtice F-22<\/b>\u00a0\u00e9 fresca e floral, come\u00e7ando com notas de topo de <b>cidra<\/b>, <b>anan\u00e1s<\/b> e <b>pimenta rosa<\/b>, que proporcionam uma abertura revigorante e levemente picante. No cora\u00e7\u00e3o, flores como <b>jasmim<\/b>, <b>\u00edris<\/b> e <b>l\u00edrio<\/b> trazem uma delicadeza suave e sofisticada, refletindo a feminilidade. A base \u00e9 rica e envolvente, com notas de <b>patchouli<\/b>, <b>alm\u00edscar<\/b> e <b>vetiver<\/b>, que conferem profundidade e um toque sensual \u00e0 fragr\u00e2ncia.<\/p>\n<p class=\"p1\"><b>V\u00e9rtice F-22<\/b> \u00e9 ideal para mulheres que buscam uma fragr\u00e2ncia vers\u00e1til, que pode ser usada tanto durante o dia quanto \u00e0 noite. \u00c9 perfeita para ocasi\u00f5es casuais e formais, refletindo um esp\u00edrito otimista e a vontade de viver a vida plenamente. Com sua combina\u00e7\u00e3o de frescor, flores e notas orientais, <b>V\u00e9rtice F-22<\/b> se tornou um cl\u00e1ssico moderno inspirado no Chance da Chanel.<\/p>\n","protected":false},"excerpt":{"rendered":"<p>Fragr\u00e2ncia fresca e vibrante com notas de toranja, jasmim e alm\u00edscar.<\/p>\n","protected":false},"featured_media":27995,"comment_status":"open","ping_status":"closed","template":"","meta":[],"product_cat":[72],"product_tag":[],"class_list":{"0":"post-27537","1":"product","2":"type-product","3":"status-publish","4":"has-post-thumbnail","6":"product_cat-feminino","8":"first","9":"instock","10":"taxable","11":"shipping-taxable","12":"purchasable","13":"product-type-variable"},"_links":{"self":[{"href":"https:\/\/verticeperfumes.com.br\/index.php?rest_route=\/wp\/v2\/product\/27537","targetHints":{"allow":["GET"]}}],"collection":[{"href":"https:\/\/verticeperfumes.com.br\/index.php?rest_route=\/wp\/v2\/product"}],"about":[{"href":"https:\/\/verticeperfumes.com.br\/index.php?rest_route=\/wp\/v2\/types\/product"}],"replies":[{"embeddable":true,"href":"https:\/\/verticeperfumes.com.br\/index.php?rest_route=%2Fwp%2Fv2%2Fcomments&post=27537"}],"version-history":[{"count":5,"href":"https:\/\/verticeperfumes.com.br\/index.php?rest_route=\/wp\/v2\/product\/27537\/revisions"}],"predecessor-version":[{"id":28158,"href":"https:\/\/verticeperfumes.com.br\/index.php?rest_route=\/wp\/v2\/product\/27537\/revisions\/28158"}],"wp:featuredmedia":[{"embeddable":true,"href":"https:\/\/verticeperfumes.com.br\/index.php?rest_route=\/wp\/v2\/media\/27995"}],"wp:attachment":[{"href":"https:\/\/verticeperfumes.com.br\/index.php?rest_route=%2Fwp%2Fv2%2Fmedia&parent=27537"}],"wp:term":[{"taxonomy":"product_cat","embeddable":true,"href":"https:\/\/verticeperfumes.com.br\/index.php?rest_route=%2Fwp%2Fv2%2Fproduct_cat&post=27537"},{"taxonomy":"product_tag","embeddable":true,"href":"https:\/\/verticeperfumes.com.br\/index.php?rest_route=%2Fwp%2Fv2%2Fproduct_tag&post=27537"}],"curies":[{"name":"wp","href":"https:\/\/api.w.org\/{rel}","templated":true}]}}