{"id":27541,"date":"2024-08-03T20:16:41","date_gmt":"2024-08-03T20:16:41","guid":{"rendered":"https:\/\/verticeperfumes.com.br\/?post_type=product&#038;p=27541"},"modified":"2025-08-31T16:52:17","modified_gmt":"2025-08-31T19:52:17","slug":"no144-inspiracao-olfativa-idole","status":"publish","type":"product","link":"https:\/\/verticeperfumes.com.br\/?product=no144-inspiracao-olfativa-idole","title":{"rendered":"V\u00c9RTICE F-23 Inspira\u00e7\u00e3o Olfativa &#8211; IDOL\u00ca L&#8217;INTENSE"},"content":{"rendered":"<p class=\"p1\"><b>Vertice F-23 <\/b>inspirada na fragr\u00e2ncia de<b> Id\u00f4le L\u2019Intense<\/b>, \u00e9 uma fragr\u00e2ncia lan\u00e7ada em 2021 como uma vers\u00e3o mais rica e profunda do original <b>Id\u00f4le<\/b>. Esta fragr\u00e2ncia \u00e9 uma ode \u00e0 for\u00e7a e \u00e0 autenticidade feminina, capturando a ess\u00eancia de mulheres que buscam se destacar e deixar sua marca no mundo.<\/p>\n<p class=\"p1\">A composi\u00e7\u00e3o de <b>Vertice F-23<\/b>\u00a0abre com notas de topo frescas e vibrantes, incluindo <b>bergamota<\/b> e <b>frutas vermelhas<\/b>, que proporcionam uma sensa\u00e7\u00e3o de luminosidade e energia. No cora\u00e7\u00e3o, flores como o <b>jasmim<\/b> e a <b>rosa<\/b> criam um buqu\u00ea floral rico e elegante, simbolizando a feminilidade e a for\u00e7a. A base \u00e9 composta por notas de <b>baunilha<\/b>, <b>patchouli<\/b> e <b>alm\u00edscar<\/b>, que conferem profundidade e calor \u00e0 fragr\u00e2ncia, resultando em uma experi\u00eancia olfativa envolvente e duradoura.<\/p>\n<p class=\"p1\"><b>Vertice F-23<\/b> \u00e9 ideal para mulheres que buscam uma fragr\u00e2ncia poderosa e sofisticada, perfeita para qualquer ocasi\u00e3o, seja para o dia a dia ou eventos especiais. Sua combina\u00e7\u00e3o de notas florais e orientais torna-a uma escolha vers\u00e1til e marcante, refletindo a ess\u00eancia da mulher contempor\u00e2nea que se destaca e inspira.<\/p>\n","protected":false},"excerpt":{"rendered":"<p>Fragr\u00e2ncia moderna e empoderadora com notas de rosa, jasmim e alm\u00edscar.<\/p>\n","protected":false},"featured_media":27998,"comment_status":"open","ping_status":"closed","template":"","meta":[],"product_cat":[72],"product_tag":[],"class_list":{"0":"post-27541","1":"product","2":"type-product","3":"status-publish","4":"has-post-thumbnail","6":"product_cat-feminino","8":"first","9":"instock","10":"taxable","11":"shipping-taxable","12":"purchasable","13":"product-type-variable"},"_links":{"self":[{"href":"https:\/\/verticeperfumes.com.br\/index.php?rest_route=\/wp\/v2\/product\/27541","targetHints":{"allow":["GET"]}}],"collection":[{"href":"https:\/\/verticeperfumes.com.br\/index.php?rest_route=\/wp\/v2\/product"}],"about":[{"href":"https:\/\/verticeperfumes.com.br\/index.php?rest_route=\/wp\/v2\/types\/product"}],"replies":[{"embeddable":true,"href":"https:\/\/verticeperfumes.com.br\/index.php?rest_route=%2Fwp%2Fv2%2Fcomments&post=27541"}],"version-history":[{"count":5,"href":"https:\/\/verticeperfumes.com.br\/index.php?rest_route=\/wp\/v2\/product\/27541\/revisions"}],"predecessor-version":[{"id":28157,"href":"https:\/\/verticeperfumes.com.br\/index.php?rest_route=\/wp\/v2\/product\/27541\/revisions\/28157"}],"wp:featuredmedia":[{"embeddable":true,"href":"https:\/\/verticeperfumes.com.br\/index.php?rest_route=\/wp\/v2\/media\/27998"}],"wp:attachment":[{"href":"https:\/\/verticeperfumes.com.br\/index.php?rest_route=%2Fwp%2Fv2%2Fmedia&parent=27541"}],"wp:term":[{"taxonomy":"product_cat","embeddable":true,"href":"https:\/\/verticeperfumes.com.br\/index.php?rest_route=%2Fwp%2Fv2%2Fproduct_cat&post=27541"},{"taxonomy":"product_tag","embeddable":true,"href":"https:\/\/verticeperfumes.com.br\/index.php?rest_route=%2Fwp%2Fv2%2Fproduct_tag&post=27541"}],"curies":[{"name":"wp","href":"https:\/\/api.w.org\/{rel}","templated":true}]}}