{"id":27545,"date":"2024-08-03T20:20:16","date_gmt":"2024-08-03T20:20:16","guid":{"rendered":"https:\/\/verticeperfumes.com.br\/?post_type=product&#038;p=27545"},"modified":"2025-08-31T16:50:42","modified_gmt":"2025-08-31T19:50:42","slug":"no145-inspiracao-olfativa-chloe","status":"publish","type":"product","link":"https:\/\/verticeperfumes.com.br\/?product=no145-inspiracao-olfativa-chloe","title":{"rendered":"V\u00c9RTICE F-24 Inspira\u00e7\u00e3o Olfativa &#8211; CHLO\u00c9"},"content":{"rendered":"<p class=\"p1\">A composi\u00e7\u00e3o abre com notas de topo de pe\u00f4nia, fr\u00e9sia e lichia, trazendo uma sensa\u00e7\u00e3o de frescor e suavidade. No cora\u00e7\u00e3o, as notas florais de rosa, l\u00edrio-do-vale e magn\u00f3lia conferem uma aura rom\u00e2ntica e elegante. O fundo \u00e9 envolvido por notas de cedro e \u00e2mbar, proporcionando uma base quente e acolhedora, que d\u00e1 longevidade e profundidade \u00e0 fragr\u00e2ncia.<\/p>\n<p class=\"p1\">O <strong>V\u00e9rtice F-24<\/strong> \u00e9 ideal para mulheres que buscam uma fragr\u00e2ncia cl\u00e1ssica, por\u00e9m contempor\u00e2nea, com uma assinatura olfativa suave, mas marcante, perfeita tanto para o dia a dia quanto para ocasi\u00f5es especiais.<\/p>\n","protected":false},"excerpt":{"rendered":"<p>Fragr\u00e2ncia sensual e sofisticada com notas de rosa, pe\u00f4nia e lichia.<\/p>\n","protected":false},"featured_media":28009,"comment_status":"open","ping_status":"closed","template":"","meta":[],"product_cat":[72],"product_tag":[],"class_list":{"0":"post-27545","1":"product","2":"type-product","3":"status-publish","4":"has-post-thumbnail","6":"product_cat-feminino","8":"first","9":"instock","10":"taxable","11":"shipping-taxable","12":"purchasable","13":"product-type-variable"},"_links":{"self":[{"href":"https:\/\/verticeperfumes.com.br\/index.php?rest_route=\/wp\/v2\/product\/27545","targetHints":{"allow":["GET"]}}],"collection":[{"href":"https:\/\/verticeperfumes.com.br\/index.php?rest_route=\/wp\/v2\/product"}],"about":[{"href":"https:\/\/verticeperfumes.com.br\/index.php?rest_route=\/wp\/v2\/types\/product"}],"replies":[{"embeddable":true,"href":"https:\/\/verticeperfumes.com.br\/index.php?rest_route=%2Fwp%2Fv2%2Fcomments&post=27545"}],"version-history":[{"count":5,"href":"https:\/\/verticeperfumes.com.br\/index.php?rest_route=\/wp\/v2\/product\/27545\/revisions"}],"predecessor-version":[{"id":28156,"href":"https:\/\/verticeperfumes.com.br\/index.php?rest_route=\/wp\/v2\/product\/27545\/revisions\/28156"}],"wp:featuredmedia":[{"embeddable":true,"href":"https:\/\/verticeperfumes.com.br\/index.php?rest_route=\/wp\/v2\/media\/28009"}],"wp:attachment":[{"href":"https:\/\/verticeperfumes.com.br\/index.php?rest_route=%2Fwp%2Fv2%2Fmedia&parent=27545"}],"wp:term":[{"taxonomy":"product_cat","embeddable":true,"href":"https:\/\/verticeperfumes.com.br\/index.php?rest_route=%2Fwp%2Fv2%2Fproduct_cat&post=27545"},{"taxonomy":"product_tag","embeddable":true,"href":"https:\/\/verticeperfumes.com.br\/index.php?rest_route=%2Fwp%2Fv2%2Fproduct_tag&post=27545"}],"curies":[{"name":"wp","href":"https:\/\/api.w.org\/{rel}","templated":true}]}}