{"id":27549,"date":"2024-08-03T20:35:49","date_gmt":"2024-08-03T20:35:49","guid":{"rendered":"https:\/\/verticeperfumes.com.br\/?post_type=product&#038;p=27549"},"modified":"2025-08-31T16:43:39","modified_gmt":"2025-08-31T19:43:39","slug":"no146-inspiracao-olfativa-berry-she","status":"publish","type":"product","link":"https:\/\/verticeperfumes.com.br\/?product=no146-inspiracao-olfativa-berry-she","title":{"rendered":"V\u00c9RTICE F-25 Inspira\u00e7\u00e3o Olfativa &#8211; BURBERRY HER"},"content":{"rendered":"<p class=\"p1\">A composi\u00e7\u00e3o abre com uma explos\u00e3o frutada de <b>frutas vermelhas<\/b>, como <b>amora<\/b>, <b>framboesa<\/b> e <b>cereja<\/b>, que trazem uma do\u00e7ura suculenta e envolvente. No cora\u00e7\u00e3o, notas florais suaves de <b>jasmim<\/b> e <b>violeta<\/b> adicionam uma delicadeza feminina e equilibram a do\u00e7ura das frutas. A base \u00e9 composta por <b>\u00e2mbar<\/b> e <b>alm\u00edscar<\/b>, proporcionando calor, profundidade e um toque de sensualidade, garantindo uma longa dura\u00e7\u00e3o na pele.<\/p>\n<p class=\"p1\"><b>V\u00e9rtice F-25<\/b>\u00a0\u00e9 ideal para mulheres jovens e cosmopolitas, que gostam de fragr\u00e2ncias frutadas e doces, mas com um toque de sofistica\u00e7\u00e3o. Perfeito para o dia a dia, ele oferece frescor e vivacidade, funcionando bem em diferentes ocasi\u00f5es e esta\u00e7\u00f5es.<\/p>\n","protected":false},"excerpt":{"rendered":"<p>Fragr\u00e2ncia vibrante e feminina com notas de amora, framboesa e rosa.<\/p>\n","protected":false},"featured_media":28004,"comment_status":"open","ping_status":"closed","template":"","meta":[],"product_cat":[72],"product_tag":[],"class_list":{"0":"post-27549","1":"product","2":"type-product","3":"status-publish","4":"has-post-thumbnail","6":"product_cat-feminino","8":"first","9":"instock","10":"taxable","11":"shipping-taxable","12":"purchasable","13":"product-type-variable"},"_links":{"self":[{"href":"https:\/\/verticeperfumes.com.br\/index.php?rest_route=\/wp\/v2\/product\/27549","targetHints":{"allow":["GET"]}}],"collection":[{"href":"https:\/\/verticeperfumes.com.br\/index.php?rest_route=\/wp\/v2\/product"}],"about":[{"href":"https:\/\/verticeperfumes.com.br\/index.php?rest_route=\/wp\/v2\/types\/product"}],"replies":[{"embeddable":true,"href":"https:\/\/verticeperfumes.com.br\/index.php?rest_route=%2Fwp%2Fv2%2Fcomments&post=27549"}],"version-history":[{"count":5,"href":"https:\/\/verticeperfumes.com.br\/index.php?rest_route=\/wp\/v2\/product\/27549\/revisions"}],"predecessor-version":[{"id":28155,"href":"https:\/\/verticeperfumes.com.br\/index.php?rest_route=\/wp\/v2\/product\/27549\/revisions\/28155"}],"wp:featuredmedia":[{"embeddable":true,"href":"https:\/\/verticeperfumes.com.br\/index.php?rest_route=\/wp\/v2\/media\/28004"}],"wp:attachment":[{"href":"https:\/\/verticeperfumes.com.br\/index.php?rest_route=%2Fwp%2Fv2%2Fmedia&parent=27549"}],"wp:term":[{"taxonomy":"product_cat","embeddable":true,"href":"https:\/\/verticeperfumes.com.br\/index.php?rest_route=%2Fwp%2Fv2%2Fproduct_cat&post=27549"},{"taxonomy":"product_tag","embeddable":true,"href":"https:\/\/verticeperfumes.com.br\/index.php?rest_route=%2Fwp%2Fv2%2Fproduct_tag&post=27549"}],"curies":[{"name":"wp","href":"https:\/\/api.w.org\/{rel}","templated":true}]}}