{"id":27553,"date":"2024-08-03T20:38:44","date_gmt":"2024-08-03T20:38:44","guid":{"rendered":"https:\/\/verticeperfumes.com.br\/?post_type=product&#038;p=27553"},"modified":"2025-08-31T17:49:35","modified_gmt":"2025-08-31T20:49:35","slug":"no147-inspiracao-olfativa-madame-fine","status":"publish","type":"product","link":"https:\/\/verticeperfumes.com.br\/?product=no147-inspiracao-olfativa-madame-fine","title":{"rendered":"V\u00c9RTICE F-26 Inspira\u00e7\u00e3o Olfativa -COCO MADEMOISELLE"},"content":{"rendered":"<p class=\"p1\">Inspirado no<b>\u00a0 Coco Mademoiselle, V\u00e9rtice F-26<\/b> \u00e9 uma fragr\u00e2ncia ic\u00f4nica e sofisticada, lan\u00e7ada em 2001. Este perfume \u00e9 uma interpreta\u00e7\u00e3o moderna e ousada da feminilidade, que combina eleg\u00e2ncia e sensualidade com um toque contempor\u00e2neo, refletindo a personalidade de uma mulher confiante e livre.<\/p>\n<p class=\"p1\">A composi\u00e7\u00e3o de <b>V\u00e9rtice F-26 <\/b>come\u00e7a com notas de topo frescas e c\u00edtricas, como <b>laranja<\/b>, <b>bergamota<\/b> e <b>toranja<\/b>, que proporcionam uma abertura vibrante e energ\u00e9tica. No cora\u00e7\u00e3o, notas florais de <b>jasmim<\/b> e <b>rosa<\/b> se destacam, conferindo uma delicadeza feminina e rom\u00e2ntica \u00e0 fragr\u00e2ncia. A base \u00e9 rica e envolvente, com notas de <b>patchouli<\/b>, <b>baunilha<\/b>, <b>vetiver<\/b> e <b>alm\u00edscar<\/b>, que adicionam profundidade e uma sensualidade sofisticada, criando um rastro memor\u00e1vel.<\/p>\n<p class=\"p1\"><b>V\u00e9rtice F-26<\/b>\u00a0\u00e9 ideal para mulheres que apreciam fragr\u00e2ncias complexas e marcantes, que podem ser usadas tanto durante o dia quanto \u00e0 noite. Sua combina\u00e7\u00e3o de frescor, florais e notas orientais torna-o perfeito para diversas ocasi\u00f5es, seja um evento formal ou um encontro casual. \u00c9 um verdadeiro cl\u00e1ssico que se tornou um s\u00edmbolo de sofistica\u00e7\u00e3o e modernidade.<\/p>\n","protected":false},"excerpt":{"rendered":"<p>Fragr\u00e2ncia elegante e sofisticada com notas de rosa, jasmim e patchouli.<\/p>\n","protected":false},"featured_media":28007,"comment_status":"open","ping_status":"closed","template":"","meta":[],"product_cat":[72],"product_tag":[],"class_list":{"0":"post-27553","1":"product","2":"type-product","3":"status-publish","4":"has-post-thumbnail","6":"product_cat-feminino","8":"first","9":"instock","10":"taxable","11":"shipping-taxable","12":"purchasable","13":"product-type-variable"},"_links":{"self":[{"href":"https:\/\/verticeperfumes.com.br\/index.php?rest_route=\/wp\/v2\/product\/27553","targetHints":{"allow":["GET"]}}],"collection":[{"href":"https:\/\/verticeperfumes.com.br\/index.php?rest_route=\/wp\/v2\/product"}],"about":[{"href":"https:\/\/verticeperfumes.com.br\/index.php?rest_route=\/wp\/v2\/types\/product"}],"replies":[{"embeddable":true,"href":"https:\/\/verticeperfumes.com.br\/index.php?rest_route=%2Fwp%2Fv2%2Fcomments&post=27553"}],"version-history":[{"count":5,"href":"https:\/\/verticeperfumes.com.br\/index.php?rest_route=\/wp\/v2\/product\/27553\/revisions"}],"predecessor-version":[{"id":28154,"href":"https:\/\/verticeperfumes.com.br\/index.php?rest_route=\/wp\/v2\/product\/27553\/revisions\/28154"}],"wp:featuredmedia":[{"embeddable":true,"href":"https:\/\/verticeperfumes.com.br\/index.php?rest_route=\/wp\/v2\/media\/28007"}],"wp:attachment":[{"href":"https:\/\/verticeperfumes.com.br\/index.php?rest_route=%2Fwp%2Fv2%2Fmedia&parent=27553"}],"wp:term":[{"taxonomy":"product_cat","embeddable":true,"href":"https:\/\/verticeperfumes.com.br\/index.php?rest_route=%2Fwp%2Fv2%2Fproduct_cat&post=27553"},{"taxonomy":"product_tag","embeddable":true,"href":"https:\/\/verticeperfumes.com.br\/index.php?rest_route=%2Fwp%2Fv2%2Fproduct_tag&post=27553"}],"curies":[{"name":"wp","href":"https:\/\/api.w.org\/{rel}","templated":true}]}}